{"id":1628,"date":"2024-03-20T09:06:50","date_gmt":"2024-03-20T09:06:50","guid":{"rendered":"https:\/\/quirober.cat\/estetica\/micropigmentacion\/"},"modified":"2024-03-20T12:21:05","modified_gmt":"2024-03-20T12:21:05","slug":"micropigmentacion","status":"publish","type":"page","link":"https:\/\/quirober.cat\/es\/estetica\/micropigmentacion\/","title":{"rendered":"Micropigmentaci\u00f3n"},"content":{"rendered":"\n<style type=\"text\/css\" data-created_by=\"avia_inline_auto\" id=\"style-css-av-lqpb8vhd-ca6272fa89e4defbe4f1308114941135\">\n.avia-section.av-lqpb8vhd-ca6272fa89e4defbe4f1308114941135{\nbackground-repeat:no-repeat;\nbackground-image:url(https:\/\/quirober.cat\/wp-content\/uploads\/2023\/12\/micropigmentacio-1300x430.jpg);\nbackground-position:50% 0%;\nbackground-attachment:scroll;\n}\n.avia-section.av-lqpb8vhd-ca6272fa89e4defbe4f1308114941135 .av-section-color-overlay{\nopacity:0.5;\nbackground-color:#ffffff;\n}\n<\/style>\n<div id='av_section_1'  class='avia-section av-lqpb8vhd-ca6272fa89e4defbe4f1308114941135 main_color avia-section-default avia-no-border-styling  avia-builder-el-0  el_before_av_one_fifth  avia-builder-el-first  avia-full-stretch avia-bg-style-scroll av-section-color-overlay-active av-minimum-height av-minimum-height-25 av-height-25  container_wrap fullsize'  data-section-bg-repeat='stretch' data-av_minimum_height_pc='25' data-av_min_height_opt='25'><div class=\"av-section-color-overlay-wrap\"><div class=\"av-section-color-overlay\"><\/div><div class='container av-section-cont-open' ><main  role=\"main\" itemprop=\"mainContentOfPage\"  class='template-page content  av-content-full alpha units'><div class='post-entry post-entry-type-page post-entry-1628'><div class='entry-content-wrapper clearfix'><div  class='flex_column av-q3efy-a0a68ae63fa4708b939ea1ffe07d3b3f av_one_half  avia-builder-el-1  el_before_av_one_half  avia-builder-el-first  first flex_column_div  '     ><\/div><div  class='flex_column av-1qjba-c5e8e973fae5ab50968457bc2adcce5c av_one_half  avia-builder-el-3  el_after_av_one_half  avia-builder-el-last  flex_column_div  '     ><\/div><\/div><\/div><\/main><!-- close content main element --><\/div><\/div><\/div><div id='after_section_1'  class='main_color av_default_container_wrap container_wrap fullsize'  ><div class='container av-section-cont-open' ><div class='template-page content  av-content-full alpha units'><div class='post-entry post-entry-type-page post-entry-1628'><div class='entry-content-wrapper clearfix'>\n<div  class='flex_column av-1lcgra-b273378dce50448744e6beadcf9ae971 av_one_fifth  avia-builder-el-5  el_after_av_section  el_before_av_three_fifth  avia-builder-el-first  first flex_column_div  '     ><\/div>\n<div  class='flex_column av-1dw49i-1e29bddbe2666b8a966d90a075354542 av_three_fifth  avia-builder-el-6  el_after_av_one_fifth  el_before_av_one_fifth  flex_column_div  '     ><p>\n<style type=\"text\/css\" data-created_by=\"avia_inline_auto\" id=\"style-css-av-lp2cu6mo-e9cbe08aedaf5218cef9f9b64e700541\">\n#top .av-special-heading.av-lp2cu6mo-e9cbe08aedaf5218cef9f9b64e700541{\npadding-bottom:10px;\n}\nbody .av-special-heading.av-lp2cu6mo-e9cbe08aedaf5218cef9f9b64e700541 .av-special-heading-tag .heading-char{\nfont-size:25px;\n}\n.av-special-heading.av-lp2cu6mo-e9cbe08aedaf5218cef9f9b64e700541 .av-subheading{\nfont-size:15px;\n}\n<\/style>\n<div  class='av-special-heading av-lp2cu6mo-e9cbe08aedaf5218cef9f9b64e700541 av-special-heading-h1 blockquote modern-quote modern-centered  avia-builder-el-7  el_before_av_textblock  avia-builder-el-first '><h1 class='av-special-heading-tag '  itemprop=\"headline\"  >MICROPIGMENTACI\u00d3N<\/h1><div class=\"special-heading-border\"><div class=\"special-heading-inner-border\"><\/div><\/div><\/div><br \/>\n<section  class='av_textblock_section av-lp2cufi7-d565bae24e769512b7bdaf4f2d9e59a0 '   itemscope=\"itemscope\" itemtype=\"https:\/\/schema.org\/CreativeWork\" ><div class='avia_textblock'  itemprop=\"text\" ><p style=\"text-align: center;\">La micropigmentaci\u00f3n es una t\u00e9cnica est\u00e9tica que implica la aplicaci\u00f3n de pigmentos a nivel d\u00e9rmico con el fin de mejorar o destacar ciertos rasgos faciales. Se utiliza para crear un maquillaje permanente, en la reconstrucci\u00f3n de ceja, delineado de labios y de ojos.<\/p>\n<\/div><\/section><\/p><\/div><div  class='flex_column av-191ppq-465ad119e0ee3160bd0af00ef8b35385 av_one_fifth  avia-builder-el-9  el_after_av_three_fifth  el_before_av_one_half  flex_column_div  '     ><\/div><\/p>\n<div class='av-column-wrapper-individual av-mobile-columns-flex av-columns-reverse'><div  class='flex_column av-lp2dcbjm-4115aba6247dc8d7dfb439a2124a25ab av_one_half  avia-builder-el-10  el_after_av_one_fifth  el_before_av_one_half  first flex_column_div  column-top-margin'     ><style type=\"text\/css\" data-created_by=\"avia_inline_auto\" id=\"style-css-av-lp2cwii0-0a02b4dfd07a066b1fb8e43def3ef2d4\">\n.avia-image-container.av-lp2cwii0-0a02b4dfd07a066b1fb8e43def3ef2d4 img.avia_image{\nbox-shadow:none;\n}\n.avia-image-container.av-lp2cwii0-0a02b4dfd07a066b1fb8e43def3ef2d4 .av-image-caption-overlay-center{\ncolor:#ffffff;\n}\n<\/style>\n<div  class='avia-image-container av-lp2cwii0-0a02b4dfd07a066b1fb8e43def3ef2d4 av-styling- avia-align-center  avia-builder-el-11  avia-builder-el-no-sibling '   itemprop=\"image\" itemscope=\"itemscope\" itemtype=\"https:\/\/schema.org\/ImageObject\" ><div class=\"avia-image-container-inner\"><div class=\"avia-image-overlay-wrap\"><img decoding=\"async\" fetchpriority=\"high\" class='wp-image-1630 avia-img-lazy-loading-not-1630 avia_image ' src=\"https:\/\/quirober.cat\/wp-content\/uploads\/2023\/11\/WhatsApp-Image-2023-11-15-at-18.45.53-845x684.jpeg\" alt='Micropigmentaci\u00f3' title='WhatsApp Image 2023-11-15 at 18.45.53'  height=\"684\" width=\"845\"  itemprop=\"thumbnailUrl\" srcset=\"https:\/\/quirober.cat\/wp-content\/uploads\/2023\/11\/WhatsApp-Image-2023-11-15-at-18.45.53-845x684.jpeg 845w, https:\/\/quirober.cat\/wp-content\/uploads\/2023\/11\/WhatsApp-Image-2023-11-15-at-18.45.53-495x400.jpeg 495w\" sizes=\"(max-width: 845px) 100vw, 845px\" \/><\/div><\/div><\/div><\/div>\n<div  class='flex_column av-15nl3y-c96fe1e4a9d92101b31a87de26af422f av_one_half  avia-builder-el-12  el_after_av_one_half  el_before_av_one_half  flex_column_div  column-top-margin'     ><section  class='av_textblock_section av-lp2d59ic-daf910118bc55390619406289b53e5aa '   itemscope=\"itemscope\" itemtype=\"https:\/\/schema.org\/CreativeWork\" ><div class='avia_textblock'  itemprop=\"text\" ><h2>Cejas<\/h2>\n<p>Este proceso se utiliza para definir, llenar, dar forma o incluso reconstruir las cejas que puedan haberse vuelto escasas o hayan perdido su forma natural.<\/p>\n<p>La t\u00e9cnica del pelo a pelo est\u00e1 especializada para recrear la apariencia de cejas naturales, realista y detallado.<\/p>\n<\/div><\/section><\/div><\/div><!--close flex column wrapper. Autoclose: 1 -->\n<div  class='flex_column av-ymbtq-3630d45ccdaf3875f32dddf79af23317 av_one_half  avia-builder-el-14  el_after_av_one_half  el_before_av_one_half  first flex_column_div  column-top-margin'     ><section  class='av_textblock_section av-lp2d63cq-65594bee82e6755f1c8d9ff3c0df5d3f '   itemscope=\"itemscope\" itemtype=\"https:\/\/schema.org\/CreativeWork\" ><div class='avia_textblock'  itemprop=\"text\" ><h3>Labios<\/h3>\n<p>Es un procedimiento est\u00e9tico para mejorar la forma, color y definici\u00f3n de los labios. Este proceso puede ser \u00fatil para aquellas personas que deseen corregir la forma, aumentar la definici\u00f3n del contorno y conseguir el tono deseado y as\u00ed realzar la apariencia de sus labios.<\/p>\n<\/div><\/section><\/div>\n<div  class='flex_column av-tnt4m-3ce3191a329838b89d360ec7dbf2d43a av_one_half  avia-builder-el-16  el_after_av_one_half  el_before_av_one_half  flex_column_div  column-top-margin'     ><style type=\"text\/css\" data-created_by=\"avia_inline_auto\" id=\"style-css-av-mb29i-e1229e3fb189d96d80279435f517c382\">\n.avia-image-container.av-mb29i-e1229e3fb189d96d80279435f517c382 img.avia_image{\nbox-shadow:none;\n}\n.avia-image-container.av-mb29i-e1229e3fb189d96d80279435f517c382 .av-image-caption-overlay-center{\ncolor:#ffffff;\n}\n<\/style>\n<div  class='avia-image-container av-mb29i-e1229e3fb189d96d80279435f517c382 av-styling- avia-align-center  avia-builder-el-17  avia-builder-el-no-sibling '   itemprop=\"image\" itemscope=\"itemscope\" itemtype=\"https:\/\/schema.org\/ImageObject\" ><div class=\"avia-image-container-inner\"><div class=\"avia-image-overlay-wrap\"><img decoding=\"async\" fetchpriority=\"high\" class='wp-image-1631 avia-img-lazy-loading-not-1631 avia_image ' src=\"https:\/\/quirober.cat\/wp-content\/uploads\/2023\/11\/microlabios.jpg\" alt='Micropigmentaci\u00f3' title='microlabios'  height=\"417\" width=\"626\"  itemprop=\"thumbnailUrl\" srcset=\"https:\/\/quirober.cat\/wp-content\/uploads\/2023\/11\/microlabios.jpg 626w, https:\/\/quirober.cat\/wp-content\/uploads\/2023\/11\/microlabios-300x200.jpg 300w\" sizes=\"(max-width: 626px) 100vw, 626px\" \/><\/div><\/div><\/div><\/div>\n<div class='av-column-wrapper-individual av-mobile-columns-flex av-columns-reverse'><div  class='flex_column av-lp2dcrdt-0186d1e61f8997482b1014fc1596319c av_one_half  avia-builder-el-18  el_after_av_one_half  el_before_av_one_half  first flex_column_div  column-top-margin'     ><style type=\"text\/css\" data-created_by=\"avia_inline_auto\" id=\"style-css-av-g4bqu-ef41ae744cd2e047e8d3484ac0f95462\">\n.avia-image-container.av-g4bqu-ef41ae744cd2e047e8d3484ac0f95462 img.avia_image{\nbox-shadow:none;\n}\n.avia-image-container.av-g4bqu-ef41ae744cd2e047e8d3484ac0f95462 .av-image-caption-overlay-center{\ncolor:#ffffff;\n}\n<\/style>\n<div  class='avia-image-container av-g4bqu-ef41ae744cd2e047e8d3484ac0f95462 av-styling- avia-align-center  avia-builder-el-19  avia-builder-el-no-sibling '   itemprop=\"image\" itemscope=\"itemscope\" itemtype=\"https:\/\/schema.org\/ImageObject\" ><div class=\"avia-image-container-inner\"><div class=\"avia-image-overlay-wrap\"><img decoding=\"async\" fetchpriority=\"high\" class='wp-image-1632 avia-img-lazy-loading-not-1632 avia_image ' src=\"https:\/\/quirober.cat\/wp-content\/uploads\/2023\/11\/micropigmentacion-ojos-pamplona.jpg\" alt='Micropigmentaci\u00f3' title='micropigmentacion-ojos-pamplona'  height=\"492\" width=\"768\"  itemprop=\"thumbnailUrl\" srcset=\"https:\/\/quirober.cat\/wp-content\/uploads\/2023\/11\/micropigmentacion-ojos-pamplona.jpg 768w, https:\/\/quirober.cat\/wp-content\/uploads\/2023\/11\/micropigmentacion-ojos-pamplona-300x192.jpg 300w, https:\/\/quirober.cat\/wp-content\/uploads\/2023\/11\/micropigmentacion-ojos-pamplona-705x452.jpg 705w\" sizes=\"(max-width: 768px) 100vw, 768px\" \/><\/div><\/div><\/div><\/div>\n<div  class='flex_column av-6lk8m-1f0b8a77d641d2c0035b598a123baba2 av_one_half  avia-builder-el-20  el_after_av_one_half  avia-builder-el-last  flex_column_div  column-top-margin'     ><section  class='av_textblock_section av-lp2daaff-804f559ccad875678567c869d7eded90 '   itemscope=\"itemscope\" itemtype=\"https:\/\/schema.org\/CreativeWork\" ><div class='avia_textblock'  itemprop=\"text\" ><h3>Delineado de ojos<\/h3>\n<p>Esta t\u00e9cnica puede tener varios objetivos, como realzar la l\u00ednea de las pesta\u00f1as, crear el efecto de ojos mayores o corregir imperfecciones en la zona de los ojos. Esto puede incluir la l\u00ednea de pesta\u00f1as superior y\/o inferior.<\/p>\n<\/div><\/section><\/div><\/div><!--close flex column wrapper. Autoclose: 1 -->\n","protected":false},"excerpt":{"rendered":"","protected":false},"author":3,"featured_media":0,"parent":1579,"menu_order":0,"comment_status":"closed","ping_status":"closed","template":"","meta":{"footnotes":""},"class_list":["post-1628","page","type-page","status-publish","hentry"],"yoast_head":"<!-- This site is optimized with the Yoast SEO plugin v27.3 - https:\/\/yoast.com\/product\/yoast-seo-wordpress\/ -->\n<title>Micropigmentaci\u00f3n est\u00e9tica en Berga<\/title>\n<meta name=\"description\" content=\"Obt\u00e9n micropigmentaci\u00f3n para cejas y labios con profesionales en Quirober\" \/>\n<meta name=\"robots\" content=\"index, follow, max-snippet:-1, max-image-preview:large, max-video-preview:-1\" \/>\n<link rel=\"canonical\" href=\"https:\/\/quirober.cat\/es\/estetica\/micropigmentacion\/\" \/>\n<meta property=\"og:locale\" content=\"es_ES\" \/>\n<meta property=\"og:type\" content=\"article\" \/>\n<meta property=\"og:title\" content=\"Micropigmentaci\u00f3n est\u00e9tica en Berga\" \/>\n<meta property=\"og:description\" content=\"Obt\u00e9n micropigmentaci\u00f3n para cejas y labios con profesionales en Quirober\" \/>\n<meta property=\"og:url\" content=\"https:\/\/quirober.cat\/es\/estetica\/micropigmentacion\/\" \/>\n<meta property=\"og:site_name\" content=\"Quirober\" \/>\n<meta property=\"article:modified_time\" content=\"2024-03-20T12:21:05+00:00\" \/>\n<meta name=\"twitter:card\" content=\"summary_large_image\" \/>\n<meta name=\"twitter:label1\" content=\"Tiempo de lectura\" \/>\n\t<meta name=\"twitter:data1\" content=\"2 minutos\" \/>\n<script type=\"application\/ld+json\" class=\"yoast-schema-graph\">{\"@context\":\"https:\\\/\\\/schema.org\",\"@graph\":[{\"@type\":\"WebPage\",\"@id\":\"https:\\\/\\\/quirober.cat\\\/es\\\/estetica\\\/micropigmentacion\\\/\",\"url\":\"https:\\\/\\\/quirober.cat\\\/es\\\/estetica\\\/micropigmentacion\\\/\",\"name\":\"Micropigmentaci\u00f3n est\u00e9tica en Berga\",\"isPartOf\":{\"@id\":\"https:\\\/\\\/quirober.cat\\\/es\\\/#website\"},\"datePublished\":\"2024-03-20T09:06:50+00:00\",\"dateModified\":\"2024-03-20T12:21:05+00:00\",\"description\":\"Obt\u00e9n micropigmentaci\u00f3n para cejas y labios con profesionales en Quirober\",\"breadcrumb\":{\"@id\":\"https:\\\/\\\/quirober.cat\\\/es\\\/estetica\\\/micropigmentacion\\\/#breadcrumb\"},\"inLanguage\":\"es\",\"potentialAction\":[{\"@type\":\"ReadAction\",\"target\":[\"https:\\\/\\\/quirober.cat\\\/es\\\/estetica\\\/micropigmentacion\\\/\"]}]},{\"@type\":\"BreadcrumbList\",\"@id\":\"https:\\\/\\\/quirober.cat\\\/es\\\/estetica\\\/micropigmentacion\\\/#breadcrumb\",\"itemListElement\":[{\"@type\":\"ListItem\",\"position\":1,\"name\":\"Inici\",\"item\":\"https:\\\/\\\/quirober.cat\\\/es\\\/inicio\\\/\"},{\"@type\":\"ListItem\",\"position\":2,\"name\":\"Est\u00e9tica\",\"item\":\"https:\\\/\\\/quirober.cat\\\/es\\\/estetica\\\/\"},{\"@type\":\"ListItem\",\"position\":3,\"name\":\"Micropigmentaci\u00f3n\"}]},{\"@type\":\"WebSite\",\"@id\":\"https:\\\/\\\/quirober.cat\\\/es\\\/#website\",\"url\":\"https:\\\/\\\/quirober.cat\\\/es\\\/\",\"name\":\"Quirober\",\"description\":\"Centre d&#039;est\u00e8tica a Berga\",\"potentialAction\":[{\"@type\":\"SearchAction\",\"target\":{\"@type\":\"EntryPoint\",\"urlTemplate\":\"https:\\\/\\\/quirober.cat\\\/es\\\/?s={search_term_string}\"},\"query-input\":{\"@type\":\"PropertyValueSpecification\",\"valueRequired\":true,\"valueName\":\"search_term_string\"}}],\"inLanguage\":\"es\"}]}<\/script>\n<!-- \/ Yoast SEO plugin. -->","yoast_head_json":{"title":"Micropigmentaci\u00f3n est\u00e9tica en Berga","description":"Obt\u00e9n micropigmentaci\u00f3n para cejas y labios con profesionales en Quirober","robots":{"index":"index","follow":"follow","max-snippet":"max-snippet:-1","max-image-preview":"max-image-preview:large","max-video-preview":"max-video-preview:-1"},"canonical":"https:\/\/quirober.cat\/es\/estetica\/micropigmentacion\/","og_locale":"es_ES","og_type":"article","og_title":"Micropigmentaci\u00f3n est\u00e9tica en Berga","og_description":"Obt\u00e9n micropigmentaci\u00f3n para cejas y labios con profesionales en Quirober","og_url":"https:\/\/quirober.cat\/es\/estetica\/micropigmentacion\/","og_site_name":"Quirober","article_modified_time":"2024-03-20T12:21:05+00:00","twitter_card":"summary_large_image","twitter_misc":{"Tiempo de lectura":"2 minutos"},"schema":{"@context":"https:\/\/schema.org","@graph":[{"@type":"WebPage","@id":"https:\/\/quirober.cat\/es\/estetica\/micropigmentacion\/","url":"https:\/\/quirober.cat\/es\/estetica\/micropigmentacion\/","name":"Micropigmentaci\u00f3n est\u00e9tica en Berga","isPartOf":{"@id":"https:\/\/quirober.cat\/es\/#website"},"datePublished":"2024-03-20T09:06:50+00:00","dateModified":"2024-03-20T12:21:05+00:00","description":"Obt\u00e9n micropigmentaci\u00f3n para cejas y labios con profesionales en Quirober","breadcrumb":{"@id":"https:\/\/quirober.cat\/es\/estetica\/micropigmentacion\/#breadcrumb"},"inLanguage":"es","potentialAction":[{"@type":"ReadAction","target":["https:\/\/quirober.cat\/es\/estetica\/micropigmentacion\/"]}]},{"@type":"BreadcrumbList","@id":"https:\/\/quirober.cat\/es\/estetica\/micropigmentacion\/#breadcrumb","itemListElement":[{"@type":"ListItem","position":1,"name":"Inici","item":"https:\/\/quirober.cat\/es\/inicio\/"},{"@type":"ListItem","position":2,"name":"Est\u00e9tica","item":"https:\/\/quirober.cat\/es\/estetica\/"},{"@type":"ListItem","position":3,"name":"Micropigmentaci\u00f3n"}]},{"@type":"WebSite","@id":"https:\/\/quirober.cat\/es\/#website","url":"https:\/\/quirober.cat\/es\/","name":"Quirober","description":"Centre d&#039;est\u00e8tica a Berga","potentialAction":[{"@type":"SearchAction","target":{"@type":"EntryPoint","urlTemplate":"https:\/\/quirober.cat\/es\/?s={search_term_string}"},"query-input":{"@type":"PropertyValueSpecification","valueRequired":true,"valueName":"search_term_string"}}],"inLanguage":"es"}]}},"_links":{"self":[{"href":"https:\/\/quirober.cat\/es\/wp-json\/wp\/v2\/pages\/1628","targetHints":{"allow":["GET"]}}],"collection":[{"href":"https:\/\/quirober.cat\/es\/wp-json\/wp\/v2\/pages"}],"about":[{"href":"https:\/\/quirober.cat\/es\/wp-json\/wp\/v2\/types\/page"}],"author":[{"embeddable":true,"href":"https:\/\/quirober.cat\/es\/wp-json\/wp\/v2\/users\/3"}],"replies":[{"embeddable":true,"href":"https:\/\/quirober.cat\/es\/wp-json\/wp\/v2\/comments?post=1628"}],"version-history":[{"count":3,"href":"https:\/\/quirober.cat\/es\/wp-json\/wp\/v2\/pages\/1628\/revisions"}],"predecessor-version":[{"id":2692,"href":"https:\/\/quirober.cat\/es\/wp-json\/wp\/v2\/pages\/1628\/revisions\/2692"}],"up":[{"embeddable":true,"href":"https:\/\/quirober.cat\/es\/wp-json\/wp\/v2\/pages\/1579"}],"wp:attachment":[{"href":"https:\/\/quirober.cat\/es\/wp-json\/wp\/v2\/media?parent=1628"}],"curies":[{"name":"wp","href":"https:\/\/api.w.org\/{rel}","templated":true}]}}