{"id":1730,"date":"2024-03-20T09:44:23","date_gmt":"2024-03-20T09:44:23","guid":{"rendered":"https:\/\/quirober.cat\/sala-dinamico\/chaleco-y-entrenamiento-personal\/"},"modified":"2024-10-25T09:43:57","modified_gmt":"2024-10-25T09:43:57","slug":"chaleco-y-entrenamiento-personal","status":"publish","type":"page","link":"https:\/\/quirober.cat\/es\/sala-dinamic\/chaleco-y-entrenamiento-personal\/","title":{"rendered":"Chaleco y entrenamiento personal"},"content":{"rendered":"\n<style type=\"text\/css\" data-created_by=\"avia_inline_auto\" id=\"style-css-av-cw7wxw-3396f302fbb12d8d276691bab278f074\">\n.avia-section.av-cw7wxw-3396f302fbb12d8d276691bab278f074{\nbackground-repeat:no-repeat;\nbackground-image:url(https:\/\/quirober.cat\/wp-content\/uploads\/2024\/04\/P6232123-1500x630.jpg);\nbackground-position:50% 100%;\nbackground-attachment:scroll;\n}\n.avia-section.av-cw7wxw-3396f302fbb12d8d276691bab278f074 .av-section-color-overlay{\nopacity:0.5;\nbackground-color:#ffffff;\n}\n<\/style>\n<div id='av_section_1'  class='avia-section av-cw7wxw-3396f302fbb12d8d276691bab278f074 main_color avia-section-default avia-no-border-styling  avia-builder-el-0  el_before_av_one_half  avia-builder-el-first  avia-full-stretch avia-bg-style-scroll av-section-color-overlay-active av-minimum-height av-minimum-height-25 av-height-25  container_wrap fullsize'  data-section-bg-repeat='stretch' data-av_minimum_height_pc='25' data-av_min_height_opt='25'><div class=\"av-section-color-overlay-wrap\"><div class=\"av-section-color-overlay\"><\/div><div class='container av-section-cont-open' ><main  role=\"main\" itemprop=\"mainContentOfPage\"  class='template-page content  av-content-full alpha units'><div class='post-entry post-entry-type-page post-entry-1730'><div class='entry-content-wrapper clearfix'>\n<div  class='flex_column av-a84jwk-c2830be086c267a3f5ae16f7f4a6b922 av_one_half  avia-builder-el-1  el_before_av_one_half  avia-builder-el-first  first flex_column_div  '     ><\/div><div  class='flex_column av-q8lhg-c02f5e40b32d8bb82acad8cda6433437 av_one_half  avia-builder-el-3  el_after_av_one_half  avia-builder-el-last  flex_column_div  '     ><\/div>\n<\/div><\/div><\/main><!-- close content main element --><\/div><\/div><\/div><div id='after_section_1'  class='main_color av_default_container_wrap container_wrap fullsize'  ><div class='container av-section-cont-open' ><div class='template-page content  av-content-full alpha units'><div class='post-entry post-entry-type-page post-entry-1730'><div class='entry-content-wrapper clearfix'>\n<div class='av-column-wrapper-individual av-mobile-columns-flex av-columns-reverse'><div  class='flex_column av-cp76s-2f630a3f920abdf241cf1ccaac15b8ed av_one_half  avia-builder-el-5  el_after_av_section  el_before_av_one_half  avia-builder-el-first  first flex_column_div  '     ><style type=\"text\/css\" data-created_by=\"avia_inline_auto\" id=\"style-css-av-ls341dtl-50a9738f8ed2841fa19157bfee1f9b3c\">\n.avia-image-container.av-ls341dtl-50a9738f8ed2841fa19157bfee1f9b3c img.avia_image{\nbox-shadow:none;\n}\n.avia-image-container.av-ls341dtl-50a9738f8ed2841fa19157bfee1f9b3c .av-image-caption-overlay-center{\ncolor:#ffffff;\n}\n<\/style>\n<div  class='avia-image-container av-ls341dtl-50a9738f8ed2841fa19157bfee1f9b3c av-styling- avia-align-center  avia-builder-el-6  avia-builder-el-no-sibling '   itemprop=\"image\" itemscope=\"itemscope\" itemtype=\"https:\/\/schema.org\/ImageObject\" ><div class=\"avia-image-container-inner\"><div class=\"avia-image-overlay-wrap\"><img decoding=\"async\" fetchpriority=\"high\" class='wp-image-2334 avia-img-lazy-loading-not-2334 avia_image ' src=\"https:\/\/quirober.cat\/wp-content\/uploads\/2024\/04\/P6232130-700x700.jpg\" alt='OLYMPUS DIGITAL CAMERA' title='OLYMPUS DIGITAL CAMERA'  height=\"700\" width=\"700\"  itemprop=\"thumbnailUrl\" srcset=\"https:\/\/quirober.cat\/wp-content\/uploads\/2024\/04\/P6232130-700x700.jpg 700w, https:\/\/quirober.cat\/wp-content\/uploads\/2024\/04\/P6232130-80x80.jpg 80w, https:\/\/quirober.cat\/wp-content\/uploads\/2024\/04\/P6232130-36x36.jpg 36w\" sizes=\"(max-width: 700px) 100vw, 700px\" \/><\/div><\/div><\/div><\/div>\n<div  class='flex_column av-9bo6s-eabe426af9f112838c70059f45f77ca6 av_one_half  avia-builder-el-7  el_after_av_one_half  avia-builder-el-last  flex_column_div  '     ><p>\n<style type=\"text\/css\" data-created_by=\"avia_inline_auto\" id=\"style-css-av-ls33qhnv-35ee7cc3dcf768aac73314612f010f1a\">\n#top .av-special-heading.av-ls33qhnv-35ee7cc3dcf768aac73314612f010f1a{\npadding-bottom:10px;\n}\nbody .av-special-heading.av-ls33qhnv-35ee7cc3dcf768aac73314612f010f1a .av-special-heading-tag .heading-char{\nfont-size:25px;\n}\n.av-special-heading.av-ls33qhnv-35ee7cc3dcf768aac73314612f010f1a .av-subheading{\nfont-size:15px;\n}\n<\/style>\n<div  class='av-special-heading av-ls33qhnv-35ee7cc3dcf768aac73314612f010f1a av-special-heading-h1 blockquote modern-quote  avia-builder-el-8  el_before_av_textblock  avia-builder-el-first '><h1 class='av-special-heading-tag '  itemprop=\"headline\"  >Chaleco y entrenamiento personal<\/h1><div class=\"special-heading-border\"><div class=\"special-heading-inner-border\"><\/div><\/div><\/div><br \/>\n<section  class='av_textblock_section av-ls33qqag-a857b5f519a58880a001841021f98312 '   itemscope=\"itemscope\" itemtype=\"https:\/\/schema.org\/CreativeWork\" ><div class='avia_textblock'  itemprop=\"text\" ><p>El entrenamiento personal es un servicio personalizado que proporciona un programa de ejercicios adaptado a las necesidades individuales guiado en todo momento por un profesional, con el objetivo de mejorar su condici\u00f3n f\u00edsica, prevenir lesiones y promover un estilo de vida saludable.<\/p>\n<p>Se puede complementar con un sistema <strong>de electro estimulaci\u00f3n<\/strong> muscular integral que trabaja todo el cuerpo de forma simult\u00e1nea a una intensidad de actividad muscular muy alta. Bajo la supervisi\u00f3n y planificaci\u00f3n de un entrenador personal.<\/p>\n<\/div><\/section><\/p><\/div><\/div><!--close flex column wrapper. Autoclose: 1 -->\n","protected":false},"excerpt":{"rendered":"","protected":false},"author":3,"featured_media":0,"parent":1727,"menu_order":0,"comment_status":"closed","ping_status":"closed","template":"","meta":{"footnotes":""},"class_list":["post-1730","page","type-page","status-publish","hentry"],"yoast_head":"<!-- This site is optimized with the Yoast SEO plugin v27.5 - https:\/\/yoast.com\/product\/yoast-seo-wordpress\/ -->\n<title>Entrenamiento personal con chaleco en Berga<\/title>\n<meta name=\"description\" content=\"Mejora tu condici\u00f3n f\u00edsica con entrenamiento personalizado y chaleco din\u00e1mico en Quirober Berga.\" \/>\n<meta name=\"robots\" content=\"index, follow, max-snippet:-1, max-image-preview:large, max-video-preview:-1\" \/>\n<link rel=\"canonical\" href=\"https:\/\/quirober.cat\/es\/sala-dinamic\/chaleco-y-entrenamiento-personal\/\" \/>\n<meta property=\"og:locale\" content=\"es_ES\" \/>\n<meta property=\"og:type\" content=\"article\" \/>\n<meta property=\"og:title\" content=\"Entrenamiento personal con chaleco en Berga\" \/>\n<meta property=\"og:description\" content=\"Mejora tu condici\u00f3n f\u00edsica con entrenamiento personalizado y chaleco din\u00e1mico en Quirober Berga.\" \/>\n<meta property=\"og:url\" content=\"https:\/\/quirober.cat\/es\/sala-dinamic\/chaleco-y-entrenamiento-personal\/\" \/>\n<meta property=\"og:site_name\" content=\"Quirober\" \/>\n<meta property=\"article:modified_time\" content=\"2024-10-25T09:43:57+00:00\" \/>\n<meta name=\"twitter:card\" content=\"summary_large_image\" \/>\n<meta name=\"twitter:label1\" content=\"Tiempo de lectura\" \/>\n\t<meta name=\"twitter:data1\" content=\"1 minuto\" \/>\n<script type=\"application\/ld+json\" class=\"yoast-schema-graph\">{\"@context\":\"https:\\\/\\\/schema.org\",\"@graph\":[{\"@type\":\"WebPage\",\"@id\":\"https:\\\/\\\/quirober.cat\\\/es\\\/sala-dinamic\\\/chaleco-y-entrenamiento-personal\\\/\",\"url\":\"https:\\\/\\\/quirober.cat\\\/es\\\/sala-dinamic\\\/chaleco-y-entrenamiento-personal\\\/\",\"name\":\"Entrenamiento personal con chaleco en Berga\",\"isPartOf\":{\"@id\":\"https:\\\/\\\/quirober.cat\\\/es\\\/#website\"},\"datePublished\":\"2024-03-20T09:44:23+00:00\",\"dateModified\":\"2024-10-25T09:43:57+00:00\",\"description\":\"Mejora tu condici\u00f3n f\u00edsica con entrenamiento personalizado y chaleco din\u00e1mico en Quirober Berga.\",\"breadcrumb\":{\"@id\":\"https:\\\/\\\/quirober.cat\\\/es\\\/sala-dinamic\\\/chaleco-y-entrenamiento-personal\\\/#breadcrumb\"},\"inLanguage\":\"es\",\"potentialAction\":[{\"@type\":\"ReadAction\",\"target\":[\"https:\\\/\\\/quirober.cat\\\/es\\\/sala-dinamic\\\/chaleco-y-entrenamiento-personal\\\/\"]}]},{\"@type\":\"BreadcrumbList\",\"@id\":\"https:\\\/\\\/quirober.cat\\\/es\\\/sala-dinamic\\\/chaleco-y-entrenamiento-personal\\\/#breadcrumb\",\"itemListElement\":[{\"@type\":\"ListItem\",\"position\":1,\"name\":\"Inici\",\"item\":\"https:\\\/\\\/quirober.cat\\\/es\\\/inicio\\\/\"},{\"@type\":\"ListItem\",\"position\":2,\"name\":\"Sala Din\u00e1mic\",\"item\":\"https:\\\/\\\/quirober.cat\\\/es\\\/sala-dinamic\\\/\"},{\"@type\":\"ListItem\",\"position\":3,\"name\":\"Chaleco y entrenamiento personal\"}]},{\"@type\":\"WebSite\",\"@id\":\"https:\\\/\\\/quirober.cat\\\/es\\\/#website\",\"url\":\"https:\\\/\\\/quirober.cat\\\/es\\\/\",\"name\":\"Quirober\",\"description\":\"Centre d&#039;est\u00e8tica a Berga\",\"potentialAction\":[{\"@type\":\"SearchAction\",\"target\":{\"@type\":\"EntryPoint\",\"urlTemplate\":\"https:\\\/\\\/quirober.cat\\\/es\\\/?s={search_term_string}\"},\"query-input\":{\"@type\":\"PropertyValueSpecification\",\"valueRequired\":true,\"valueName\":\"search_term_string\"}}],\"inLanguage\":\"es\"}]}<\/script>\n<!-- \/ Yoast SEO plugin. -->","yoast_head_json":{"title":"Entrenamiento personal con chaleco en Berga","description":"Mejora tu condici\u00f3n f\u00edsica con entrenamiento personalizado y chaleco din\u00e1mico en Quirober Berga.","robots":{"index":"index","follow":"follow","max-snippet":"max-snippet:-1","max-image-preview":"max-image-preview:large","max-video-preview":"max-video-preview:-1"},"canonical":"https:\/\/quirober.cat\/es\/sala-dinamic\/chaleco-y-entrenamiento-personal\/","og_locale":"es_ES","og_type":"article","og_title":"Entrenamiento personal con chaleco en Berga","og_description":"Mejora tu condici\u00f3n f\u00edsica con entrenamiento personalizado y chaleco din\u00e1mico en Quirober Berga.","og_url":"https:\/\/quirober.cat\/es\/sala-dinamic\/chaleco-y-entrenamiento-personal\/","og_site_name":"Quirober","article_modified_time":"2024-10-25T09:43:57+00:00","twitter_card":"summary_large_image","twitter_misc":{"Tiempo de lectura":"1 minuto"},"schema":{"@context":"https:\/\/schema.org","@graph":[{"@type":"WebPage","@id":"https:\/\/quirober.cat\/es\/sala-dinamic\/chaleco-y-entrenamiento-personal\/","url":"https:\/\/quirober.cat\/es\/sala-dinamic\/chaleco-y-entrenamiento-personal\/","name":"Entrenamiento personal con chaleco en Berga","isPartOf":{"@id":"https:\/\/quirober.cat\/es\/#website"},"datePublished":"2024-03-20T09:44:23+00:00","dateModified":"2024-10-25T09:43:57+00:00","description":"Mejora tu condici\u00f3n f\u00edsica con entrenamiento personalizado y chaleco din\u00e1mico en Quirober Berga.","breadcrumb":{"@id":"https:\/\/quirober.cat\/es\/sala-dinamic\/chaleco-y-entrenamiento-personal\/#breadcrumb"},"inLanguage":"es","potentialAction":[{"@type":"ReadAction","target":["https:\/\/quirober.cat\/es\/sala-dinamic\/chaleco-y-entrenamiento-personal\/"]}]},{"@type":"BreadcrumbList","@id":"https:\/\/quirober.cat\/es\/sala-dinamic\/chaleco-y-entrenamiento-personal\/#breadcrumb","itemListElement":[{"@type":"ListItem","position":1,"name":"Inici","item":"https:\/\/quirober.cat\/es\/inicio\/"},{"@type":"ListItem","position":2,"name":"Sala Din\u00e1mic","item":"https:\/\/quirober.cat\/es\/sala-dinamic\/"},{"@type":"ListItem","position":3,"name":"Chaleco y entrenamiento personal"}]},{"@type":"WebSite","@id":"https:\/\/quirober.cat\/es\/#website","url":"https:\/\/quirober.cat\/es\/","name":"Quirober","description":"Centre d&#039;est\u00e8tica a Berga","potentialAction":[{"@type":"SearchAction","target":{"@type":"EntryPoint","urlTemplate":"https:\/\/quirober.cat\/es\/?s={search_term_string}"},"query-input":{"@type":"PropertyValueSpecification","valueRequired":true,"valueName":"search_term_string"}}],"inLanguage":"es"}]}},"_links":{"self":[{"href":"https:\/\/quirober.cat\/es\/wp-json\/wp\/v2\/pages\/1730","targetHints":{"allow":["GET"]}}],"collection":[{"href":"https:\/\/quirober.cat\/es\/wp-json\/wp\/v2\/pages"}],"about":[{"href":"https:\/\/quirober.cat\/es\/wp-json\/wp\/v2\/types\/page"}],"author":[{"embeddable":true,"href":"https:\/\/quirober.cat\/es\/wp-json\/wp\/v2\/users\/3"}],"replies":[{"embeddable":true,"href":"https:\/\/quirober.cat\/es\/wp-json\/wp\/v2\/comments?post=1730"}],"version-history":[{"count":4,"href":"https:\/\/quirober.cat\/es\/wp-json\/wp\/v2\/pages\/1730\/revisions"}],"predecessor-version":[{"id":2699,"href":"https:\/\/quirober.cat\/es\/wp-json\/wp\/v2\/pages\/1730\/revisions\/2699"}],"up":[{"embeddable":true,"href":"https:\/\/quirober.cat\/es\/wp-json\/wp\/v2\/pages\/1727"}],"wp:attachment":[{"href":"https:\/\/quirober.cat\/es\/wp-json\/wp\/v2\/media?parent=1730"}],"curies":[{"name":"wp","href":"https:\/\/api.w.org\/{rel}","templated":true}]}}