{"id":1731,"date":"2024-03-20T09:45:46","date_gmt":"2024-03-20T09:45:46","guid":{"rendered":"https:\/\/quirober.cat\/sala-dinamico\/camillas-slender-you\/"},"modified":"2024-10-25T09:41:55","modified_gmt":"2024-10-25T09:41:55","slug":"camillas-slender-you","status":"publish","type":"page","link":"https:\/\/quirober.cat\/es\/sala-dinamic\/camillas-slender-you\/","title":{"rendered":"Camillas slender you"},"content":{"rendered":"<p><span style=\"vertical-align: inherit;\"><span style=\"vertical-align: inherit;\">\n<style type=\"text\/css\" data-created_by=\"avia_inline_auto\" id=\"style-css-av-cw7wxw-801cb1ad17fb248095a1d1140b4b4b9d\">\n.avia-section.av-cw7wxw-801cb1ad17fb248095a1d1140b4b4b9d{\nbackground-repeat:no-repeat;\nbackground-image:url(https:\/\/quirober.cat\/wp-content\/uploads\/2024\/04\/DSCN0160-1500x630.jpg);\nbackground-position:0% 0%;\nbackground-attachment:scroll;\n}\n.avia-section.av-cw7wxw-801cb1ad17fb248095a1d1140b4b4b9d .av-section-color-overlay{\nopacity:0.5;\nbackground-color:#ffffff;\n}\n<\/style>\n<div id='av_section_1'  class='avia-section av-cw7wxw-801cb1ad17fb248095a1d1140b4b4b9d main_color avia-section-default avia-no-border-styling  avia-builder-el-0  el_before_av_one_half  avia-builder-el-first  avia-full-stretch avia-bg-style-scroll av-section-color-overlay-active av-minimum-height av-minimum-height-25 av-height-25  container_wrap fullsize'  data-section-bg-repeat='stretch' data-av_minimum_height_pc='25' data-av_min_height_opt='25'><div class=\"av-section-color-overlay-wrap\"><div class=\"av-section-color-overlay\"><\/div><div class='container av-section-cont-open' ><main  role=\"main\" itemprop=\"mainContentOfPage\"  class='template-page content  av-content-full alpha units'><div class='post-entry post-entry-type-page post-entry-1731'><div class='entry-content-wrapper clearfix'><\/span><\/span><br \/>\n<span style=\"vertical-align: inherit;\"><span style=\"vertical-align: inherit;\"><div  class='flex_column av-a84jwk-ba96a2e8420a1a960862b98f1759784f av_one_half  avia-builder-el-1  el_before_av_one_half  avia-builder-el-first  first flex_column_div  '     ><p><\/span><\/span><\/p>\n<p><span style=\"vertical-align: inherit;\"><span style=\"vertical-align: inherit;\"> <\/span><span style=\"vertical-align: inherit;\">[ <\/span><\/span><br \/>\n<span style=\"vertical-align: inherit;\"><span style=\"vertical-align: inherit;\">page_title<\/span><\/span><\/p>\n<p><span style=\"vertical-align: inherit;\"><span style=\"vertical-align: inherit;\"><\/p><\/div><div  class='flex_column av-q8lhg-75cbc30f1b2008de7f826f8c877b684c av_one_half  avia-builder-el-3  el_after_av_one_half  avia-builder-el-last  flex_column_div  '     ><p><\/span><\/span><\/p>\n<p><span style=\"vertical-align: inherit;\"><span style=\"vertical-align: inherit;\"> <\/span><span style=\"vertical-align: inherit;\">[ <\/span><\/span><br \/>\n<span style=\"vertical-align: inherit;\"><span style=\"vertical-align: inherit;\">av_bread<\/span><\/span><\/p>\n<p><span style=\"vertical-align: inherit;\"><span style=\"vertical-align: inherit;\"><\/p><\/div> <\/span><\/span><br \/>\n<span style=\"vertical-align: inherit;\"><span style=\"vertical-align: inherit;\"><\/div><\/div><\/main><!-- close content main element --><\/div><\/div><\/div><div id='after_section_1'  class='main_color av_default_container_wrap container_wrap fullsize'  ><div class='container av-section-cont-open' ><div class='template-page content  av-content-full alpha units'><div class='post-entry post-entry-type-page post-entry-1731'><div class='entry-content-wrapper clearfix'><\/span><\/span><\/p>\n<p><span style=\"vertical-align: inherit;\"><span style=\"vertical-align: inherit;\"><div class='av-column-wrapper-individual av-mobile-columns-flex av-columns-reverse'><div  class='flex_column av-cp76s-87f52283248287ff690e9555b3feb464 av_one_half  avia-builder-el-5  el_after_av_section  el_before_av_one_half  avia-builder-el-first  first flex_column_div  '     ><p><\/span><\/span><br \/>\n<span style=\"vertical-align: inherit;\"><span style=\"vertical-align: inherit;\">\n<style type=\"text\/css\" data-created_by=\"avia_inline_auto\" id=\"style-css-av-ls341dtl-b9bc532482a599e0f0b2f32358ea10b0\">\n.avia-image-container.av-ls341dtl-b9bc532482a599e0f0b2f32358ea10b0 img.avia_image{\nbox-shadow:none;\n}\n.avia-image-container.av-ls341dtl-b9bc532482a599e0f0b2f32358ea10b0 .av-image-caption-overlay-center{\ncolor:#ffffff;\n}\n<\/style>\n<div  class='avia-image-container av-ls341dtl-b9bc532482a599e0f0b2f32358ea10b0 av-styling- avia-align-center  avia-builder-el-6  avia-builder-el-no-sibling '   itemprop=\"image\" itemscope=\"itemscope\" itemtype=\"https:\/\/schema.org\/ImageObject\" ><div class=\"avia-image-container-inner\"><div class=\"avia-image-overlay-wrap\"><img decoding=\"async\" fetchpriority=\"high\" class='wp-image-2308 avia-img-lazy-loading-not-2308 avia_image ' src=\"https:\/\/quirober.cat\/wp-content\/uploads\/2024\/04\/P6232162-700x700.jpg\" alt='OLYMPUS DIGITAL CAMERA' title='OLYMPUS DIGITAL CAMERA'  height=\"700\" width=\"700\"  itemprop=\"thumbnailUrl\" srcset=\"https:\/\/quirober.cat\/wp-content\/uploads\/2024\/04\/P6232162-700x700.jpg 700w, https:\/\/quirober.cat\/wp-content\/uploads\/2024\/04\/P6232162-80x80.jpg 80w, https:\/\/quirober.cat\/wp-content\/uploads\/2024\/04\/P6232162-36x36.jpg 36w\" sizes=\"(max-width: 700px) 100vw, 700px\" \/><\/div><\/div><\/div> <\/span><\/span><br \/>\n<span style=\"vertical-align: inherit;\"><span style=\"vertical-align: inherit;\"><\/p><\/div><\/span><\/span><\/p>\n<div  class='flex_column av-9bo6s-eabe426af9f112838c70059f45f77ca6 av_one_half  avia-builder-el-7  el_after_av_one_half  el_before_av_one_half  flex_column_div  '     ><p>\n<style type=\"text\/css\" data-created_by=\"avia_inline_auto\" id=\"style-css-av-ls33qhnv-1058d149ca532ec868b0733f3b3ee135\">\n#top .av-special-heading.av-ls33qhnv-1058d149ca532ec868b0733f3b3ee135{\npadding-bottom:10px;\n}\nbody .av-special-heading.av-ls33qhnv-1058d149ca532ec868b0733f3b3ee135 .av-special-heading-tag .heading-char{\nfont-size:25px;\n}\n.av-special-heading.av-ls33qhnv-1058d149ca532ec868b0733f3b3ee135 .av-subheading{\nfont-size:15px;\n}\n<\/style>\n<div  class='av-special-heading av-ls33qhnv-1058d149ca532ec868b0733f3b3ee135 av-special-heading-h1 blockquote modern-quote  avia-builder-el-8  el_before_av_textblock  avia-builder-el-first '><h1 class='av-special-heading-tag '  itemprop=\"headline\"  >Camilles Slender You<\/h1><div class=\"special-heading-border\"><div class=\"special-heading-inner-border\"><\/div><\/div><\/div><br \/>\n<section  class='av_textblock_section av-ls33qqag-a857b5f519a58880a001841021f98312 '   itemscope=\"itemscope\" itemtype=\"https:\/\/schema.org\/CreativeWork\" ><div class='avia_textblock'  itemprop=\"text\" ><p>Mesa de <strong>gimnasia asistida<\/strong> con literas mec\u00e1nicas para facilitar los movimientos.<\/p>\n<p>Puedes perder unos cent\u00edmetros, endurecer la musculatura y conseguir mayor agilidad sin cansarte.<\/p>\n<p>Puedes complementar tu sesi\u00f3n con una mesa de ejercicios con la plataforma vibratoria <strong>Bioplate<\/strong> , para ayudar a fortalecer la masa muscular, y tendones en general, mejora la circulaci\u00f3n sangu\u00ednea, ayuda a reducir celulitis y favorece la eliminaci\u00f3n de l\u00edquidos.<\/p>\n<p>El circuito termina con una sesi\u00f3n de relajaci\u00f3n que te deja en las mejores condiciones para seguir con tu actividad diaria.<\/p>\n<p>Puedes venir a probar una sesi\u00f3n sin compromiso.<\/p>\n<\/div><\/section><\/p><\/div><\/div><!--close flex column wrapper. Autoclose: 1 -->\n<div class='av-column-wrapper-individual av-mobile-columns-flex av-columns-reverse'><div  class='flex_column av-203txg-592797661a05c1883a227979c1bcf0cc av_one_half  avia-builder-el-10  el_after_av_one_half  avia-builder-el-last  first flex_column_div  column-top-margin'     ><style type=\"text\/css\" data-created_by=\"avia_inline_auto\" id=\"style-css-av-lumkv35i-d78ff49943dc104de638455e4c15bf25\">\n.avia-image-container.av-lumkv35i-d78ff49943dc104de638455e4c15bf25 img.avia_image{\nbox-shadow:none;\n}\n.avia-image-container.av-lumkv35i-d78ff49943dc104de638455e4c15bf25 .av-image-caption-overlay-center{\ncolor:#ffffff;\n}\n<\/style>\n<div  class='avia-image-container av-lumkv35i-d78ff49943dc104de638455e4c15bf25 av-styling- avia-align-center  avia-builder-el-11  avia-builder-el-no-sibling '   itemprop=\"image\" itemscope=\"itemscope\" itemtype=\"https:\/\/schema.org\/ImageObject\" ><div class=\"avia-image-container-inner\"><div class=\"avia-image-overlay-wrap\"><img decoding=\"async\" fetchpriority=\"high\" class='wp-image-2306 avia-img-lazy-loading-not-2306 avia_image ' src=\"https:\/\/quirober.cat\/wp-content\/uploads\/2024\/04\/P6232150-700x700.jpg\" alt='OLYMPUS DIGITAL CAMERA' title='OLYMPUS DIGITAL CAMERA'  height=\"700\" width=\"700\"  itemprop=\"thumbnailUrl\" srcset=\"https:\/\/quirober.cat\/wp-content\/uploads\/2024\/04\/P6232150-700x700.jpg 700w, https:\/\/quirober.cat\/wp-content\/uploads\/2024\/04\/P6232150-80x80.jpg 80w, https:\/\/quirober.cat\/wp-content\/uploads\/2024\/04\/P6232150-36x36.jpg 36w\" sizes=\"(max-width: 700px) 100vw, 700px\" \/><\/div><\/div><\/div><\/div><\/div><!--close flex column wrapper. Autoclose: 1 -->\n","protected":false},"excerpt":{"rendered":"","protected":false},"author":3,"featured_media":0,"parent":1727,"menu_order":0,"comment_status":"closed","ping_status":"closed","template":"","meta":{"footnotes":""},"class_list":["post-1731","page","type-page","status-publish","hentry"],"yoast_head":"<!-- This site is optimized with the Yoast SEO plugin v27.3 - https:\/\/yoast.com\/product\/yoast-seo-wordpress\/ -->\n<title>Camillas Slender You para entrenamiento en Berga<\/title>\n<meta name=\"description\" content=\"Descubre c\u00f3mo las camillas Slender You pueden mejorar tu salud y bienestar en Berga.\" \/>\n<meta name=\"robots\" content=\"index, follow, max-snippet:-1, max-image-preview:large, max-video-preview:-1\" \/>\n<link rel=\"canonical\" href=\"https:\/\/quirober.cat\/es\/sala-dinamic\/camillas-slender-you\/\" \/>\n<meta property=\"og:locale\" content=\"es_ES\" \/>\n<meta property=\"og:type\" content=\"article\" \/>\n<meta property=\"og:title\" content=\"Camillas Slender You para entrenamiento en Berga\" \/>\n<meta property=\"og:description\" content=\"Descubre c\u00f3mo las camillas Slender You pueden mejorar tu salud y bienestar en Berga.\" \/>\n<meta property=\"og:url\" content=\"https:\/\/quirober.cat\/es\/sala-dinamic\/camillas-slender-you\/\" \/>\n<meta property=\"og:site_name\" content=\"Quirober\" \/>\n<meta property=\"article:modified_time\" content=\"2024-10-25T09:41:55+00:00\" \/>\n<meta name=\"twitter:card\" content=\"summary_large_image\" \/>\n<meta name=\"twitter:label1\" content=\"Tiempo de lectura\" \/>\n\t<meta name=\"twitter:data1\" content=\"1 minuto\" \/>\n<script type=\"application\/ld+json\" class=\"yoast-schema-graph\">{\"@context\":\"https:\\\/\\\/schema.org\",\"@graph\":[{\"@type\":\"WebPage\",\"@id\":\"https:\\\/\\\/quirober.cat\\\/es\\\/sala-dinamic\\\/camillas-slender-you\\\/\",\"url\":\"https:\\\/\\\/quirober.cat\\\/es\\\/sala-dinamic\\\/camillas-slender-you\\\/\",\"name\":\"Camillas Slender You para entrenamiento en Berga\",\"isPartOf\":{\"@id\":\"https:\\\/\\\/quirober.cat\\\/es\\\/#website\"},\"datePublished\":\"2024-03-20T09:45:46+00:00\",\"dateModified\":\"2024-10-25T09:41:55+00:00\",\"description\":\"Descubre c\u00f3mo las camillas Slender You pueden mejorar tu salud y bienestar en Berga.\",\"breadcrumb\":{\"@id\":\"https:\\\/\\\/quirober.cat\\\/es\\\/sala-dinamic\\\/camillas-slender-you\\\/#breadcrumb\"},\"inLanguage\":\"es\",\"potentialAction\":[{\"@type\":\"ReadAction\",\"target\":[\"https:\\\/\\\/quirober.cat\\\/es\\\/sala-dinamic\\\/camillas-slender-you\\\/\"]}]},{\"@type\":\"BreadcrumbList\",\"@id\":\"https:\\\/\\\/quirober.cat\\\/es\\\/sala-dinamic\\\/camillas-slender-you\\\/#breadcrumb\",\"itemListElement\":[{\"@type\":\"ListItem\",\"position\":1,\"name\":\"Inici\",\"item\":\"https:\\\/\\\/quirober.cat\\\/es\\\/inicio\\\/\"},{\"@type\":\"ListItem\",\"position\":2,\"name\":\"Sala Din\u00e1mic\",\"item\":\"https:\\\/\\\/quirober.cat\\\/es\\\/sala-dinamic\\\/\"},{\"@type\":\"ListItem\",\"position\":3,\"name\":\"Camillas slender you\"}]},{\"@type\":\"WebSite\",\"@id\":\"https:\\\/\\\/quirober.cat\\\/es\\\/#website\",\"url\":\"https:\\\/\\\/quirober.cat\\\/es\\\/\",\"name\":\"Quirober\",\"description\":\"Centre d&#039;est\u00e8tica a Berga\",\"potentialAction\":[{\"@type\":\"SearchAction\",\"target\":{\"@type\":\"EntryPoint\",\"urlTemplate\":\"https:\\\/\\\/quirober.cat\\\/es\\\/?s={search_term_string}\"},\"query-input\":{\"@type\":\"PropertyValueSpecification\",\"valueRequired\":true,\"valueName\":\"search_term_string\"}}],\"inLanguage\":\"es\"}]}<\/script>\n<!-- \/ Yoast SEO plugin. -->","yoast_head_json":{"title":"Camillas Slender You para entrenamiento en Berga","description":"Descubre c\u00f3mo las camillas Slender You pueden mejorar tu salud y bienestar en Berga.","robots":{"index":"index","follow":"follow","max-snippet":"max-snippet:-1","max-image-preview":"max-image-preview:large","max-video-preview":"max-video-preview:-1"},"canonical":"https:\/\/quirober.cat\/es\/sala-dinamic\/camillas-slender-you\/","og_locale":"es_ES","og_type":"article","og_title":"Camillas Slender You para entrenamiento en Berga","og_description":"Descubre c\u00f3mo las camillas Slender You pueden mejorar tu salud y bienestar en Berga.","og_url":"https:\/\/quirober.cat\/es\/sala-dinamic\/camillas-slender-you\/","og_site_name":"Quirober","article_modified_time":"2024-10-25T09:41:55+00:00","twitter_card":"summary_large_image","twitter_misc":{"Tiempo de lectura":"1 minuto"},"schema":{"@context":"https:\/\/schema.org","@graph":[{"@type":"WebPage","@id":"https:\/\/quirober.cat\/es\/sala-dinamic\/camillas-slender-you\/","url":"https:\/\/quirober.cat\/es\/sala-dinamic\/camillas-slender-you\/","name":"Camillas Slender You para entrenamiento en Berga","isPartOf":{"@id":"https:\/\/quirober.cat\/es\/#website"},"datePublished":"2024-03-20T09:45:46+00:00","dateModified":"2024-10-25T09:41:55+00:00","description":"Descubre c\u00f3mo las camillas Slender You pueden mejorar tu salud y bienestar en Berga.","breadcrumb":{"@id":"https:\/\/quirober.cat\/es\/sala-dinamic\/camillas-slender-you\/#breadcrumb"},"inLanguage":"es","potentialAction":[{"@type":"ReadAction","target":["https:\/\/quirober.cat\/es\/sala-dinamic\/camillas-slender-you\/"]}]},{"@type":"BreadcrumbList","@id":"https:\/\/quirober.cat\/es\/sala-dinamic\/camillas-slender-you\/#breadcrumb","itemListElement":[{"@type":"ListItem","position":1,"name":"Inici","item":"https:\/\/quirober.cat\/es\/inicio\/"},{"@type":"ListItem","position":2,"name":"Sala Din\u00e1mic","item":"https:\/\/quirober.cat\/es\/sala-dinamic\/"},{"@type":"ListItem","position":3,"name":"Camillas slender you"}]},{"@type":"WebSite","@id":"https:\/\/quirober.cat\/es\/#website","url":"https:\/\/quirober.cat\/es\/","name":"Quirober","description":"Centre d&#039;est\u00e8tica a Berga","potentialAction":[{"@type":"SearchAction","target":{"@type":"EntryPoint","urlTemplate":"https:\/\/quirober.cat\/es\/?s={search_term_string}"},"query-input":{"@type":"PropertyValueSpecification","valueRequired":true,"valueName":"search_term_string"}}],"inLanguage":"es"}]}},"_links":{"self":[{"href":"https:\/\/quirober.cat\/es\/wp-json\/wp\/v2\/pages\/1731","targetHints":{"allow":["GET"]}}],"collection":[{"href":"https:\/\/quirober.cat\/es\/wp-json\/wp\/v2\/pages"}],"about":[{"href":"https:\/\/quirober.cat\/es\/wp-json\/wp\/v2\/types\/page"}],"author":[{"embeddable":true,"href":"https:\/\/quirober.cat\/es\/wp-json\/wp\/v2\/users\/3"}],"replies":[{"embeddable":true,"href":"https:\/\/quirober.cat\/es\/wp-json\/wp\/v2\/comments?post=1731"}],"version-history":[{"count":5,"href":"https:\/\/quirober.cat\/es\/wp-json\/wp\/v2\/pages\/1731\/revisions"}],"predecessor-version":[{"id":2702,"href":"https:\/\/quirober.cat\/es\/wp-json\/wp\/v2\/pages\/1731\/revisions\/2702"}],"up":[{"embeddable":true,"href":"https:\/\/quirober.cat\/es\/wp-json\/wp\/v2\/pages\/1727"}],"wp:attachment":[{"href":"https:\/\/quirober.cat\/es\/wp-json\/wp\/v2\/media?parent=1731"}],"curies":[{"name":"wp","href":"https:\/\/api.w.org\/{rel}","templated":true}]}}