{"id":1737,"date":"2024-03-20T09:52:05","date_gmt":"2024-03-20T09:52:05","guid":{"rendered":"https:\/\/quirober.cat\/sala-dinamico\/nutricionista\/"},"modified":"2024-04-19T11:16:57","modified_gmt":"2024-04-19T11:16:57","slug":"nutricionista","status":"publish","type":"page","link":"https:\/\/quirober.cat\/es\/sala-dinamic\/nutricionista\/","title":{"rendered":"Nutricionista"},"content":{"rendered":"\n<style type=\"text\/css\" data-created_by=\"avia_inline_auto\" id=\"style-css-av-cw7wxw-5db7f7ca45c56e170994dce4ab98ce26\">\n.avia-section.av-cw7wxw-5db7f7ca45c56e170994dce4ab98ce26{\nbackground-repeat:no-repeat;\nbackground-image:url(https:\/\/quirober.cat\/wp-content\/uploads\/2024\/04\/pexels-pixabay-53404-1500x630.jpg);\nbackground-position:50% 50%;\nbackground-attachment:scroll;\n}\n.avia-section.av-cw7wxw-5db7f7ca45c56e170994dce4ab98ce26 .av-section-color-overlay{\nopacity:0.5;\nbackground-color:#ffffff;\n}\n<\/style>\n<div id='av_section_1'  class='avia-section av-cw7wxw-5db7f7ca45c56e170994dce4ab98ce26 main_color avia-section-default avia-no-border-styling  avia-builder-el-0  el_before_av_one_half  avia-builder-el-first  avia-full-stretch avia-bg-style-scroll av-section-color-overlay-active av-minimum-height av-minimum-height-25 av-height-25  container_wrap fullsize'  data-section-bg-repeat='stretch' data-av_minimum_height_pc='25' data-av_min_height_opt='25'><div class=\"av-section-color-overlay-wrap\"><div class=\"av-section-color-overlay\"><\/div><div class='container av-section-cont-open' ><main  role=\"main\" itemprop=\"mainContentOfPage\"  class='template-page content  av-content-full alpha units'><div class='post-entry post-entry-type-page post-entry-1737'><div class='entry-content-wrapper clearfix'><div  class='flex_column av-a84jwk-712cce57922e3251a0f98b8aaeef1254 av_one_half  avia-builder-el-1  el_before_av_one_half  avia-builder-el-first  flex_column_div  '     ><\/div><div  class='flex_column av-q8lhg-c02f5e40b32d8bb82acad8cda6433437 av_one_half  avia-builder-el-3  el_after_av_one_half  avia-builder-el-last  flex_column_div  '     ><\/div><\/div><\/div><\/main><!-- close content main element --><\/div><\/div><\/div><div id='after_section_1'  class='main_color av_default_container_wrap container_wrap fullsize'  ><div class='container av-section-cont-open' ><div class='template-page content  av-content-full alpha units'><div class='post-entry post-entry-type-page post-entry-1737'><div class='entry-content-wrapper clearfix'>\n<div class='av-column-wrapper-individual av-mobile-columns-flex av-columns-reverse'><div  class='flex_column av-cp76s-2f630a3f920abdf241cf1ccaac15b8ed av_one_half  avia-builder-el-5  el_after_av_section  el_before_av_one_half  avia-builder-el-first  first flex_column_div  '     ><style type=\"text\/css\" data-created_by=\"avia_inline_auto\" id=\"style-css-av-ls341dtl-8522f05418613149601acbb486e5fd74\">\n.avia-image-container.av-ls341dtl-8522f05418613149601acbb486e5fd74 img.avia_image{\nbox-shadow:none;\n}\n.avia-image-container.av-ls341dtl-8522f05418613149601acbb486e5fd74 .av-image-caption-overlay-center{\ncolor:#ffffff;\n}\n<\/style>\n<div  class='avia-image-container av-ls341dtl-8522f05418613149601acbb486e5fd74 av-styling- avia-align-center  avia-builder-el-6  avia-builder-el-no-sibling '   itemprop=\"image\" itemscope=\"itemscope\" itemtype=\"https:\/\/schema.org\/ImageObject\" ><div class=\"avia-image-container-inner\"><div class=\"avia-image-overlay-wrap\"><img decoding=\"async\" fetchpriority=\"high\" class='wp-image-1738 avia-img-lazy-loading-not-1738 avia_image ' src=\"https:\/\/quirober.cat\/wp-content\/uploads\/2024\/02\/healthy-menu-recipe-food-diet-700x700.jpg\" alt='Healthy Menu Recipe Food Diet' title='Healthy Menu Recipe Food Diet'  height=\"700\" width=\"700\"  itemprop=\"thumbnailUrl\" srcset=\"https:\/\/quirober.cat\/wp-content\/uploads\/2024\/02\/healthy-menu-recipe-food-diet-700x700.jpg 700w, https:\/\/quirober.cat\/wp-content\/uploads\/2024\/02\/healthy-menu-recipe-food-diet-80x80.jpg 80w, https:\/\/quirober.cat\/wp-content\/uploads\/2024\/02\/healthy-menu-recipe-food-diet-36x36.jpg 36w\" sizes=\"(max-width: 700px) 100vw, 700px\" \/><\/div><\/div><\/div><\/div>\n<div  class='flex_column av-9bo6s-eabe426af9f112838c70059f45f77ca6 av_one_half  avia-builder-el-7  el_after_av_one_half  avia-builder-el-last  flex_column_div  '     ><p>\n<style type=\"text\/css\" data-created_by=\"avia_inline_auto\" id=\"style-css-av-ls33qhnv-494caefe4ec5f127ff4b598fe3281bb6\">\n#top .av-special-heading.av-ls33qhnv-494caefe4ec5f127ff4b598fe3281bb6{\npadding-bottom:10px;\n}\nbody .av-special-heading.av-ls33qhnv-494caefe4ec5f127ff4b598fe3281bb6 .av-special-heading-tag .heading-char{\nfont-size:25px;\n}\n.av-special-heading.av-ls33qhnv-494caefe4ec5f127ff4b598fe3281bb6 .av-subheading{\nfont-size:15px;\n}\n<\/style>\n<div  class='av-special-heading av-ls33qhnv-494caefe4ec5f127ff4b598fe3281bb6 av-special-heading-h1 blockquote modern-quote  avia-builder-el-8  el_before_av_textblock  avia-builder-el-first '><h1 class='av-special-heading-tag '  itemprop=\"headline\"  >Nutricionista<\/h1><div class=\"special-heading-border\"><div class=\"special-heading-inner-border\"><\/div><\/div><\/div><br \/>\n<section  class='av_textblock_section av-ls33qqag-a857b5f519a58880a001841021f98312 '   itemscope=\"itemscope\" itemtype=\"https:\/\/schema.org\/CreativeWork\" ><div class='avia_textblock'  itemprop=\"text\" ><p>Dietista-nutricionista para ayudarte a conseguir tus objetivos a trav\u00e9s de una alimentaci\u00f3n saludable basada en la dieta mediterr\u00e1nea. No se trata s\u00f3lo de \u00abseguir una dieta\u00bb, sino de adquirir unos h\u00e1bitos saludables que se mantengan a lo largo del tiempo. Adem\u00e1s, aunque la alimentaci\u00f3n es un pilar fundamental es necesario tener una visi\u00f3n integral que contemple muchos otros factores como pueden ser actividades diarias, el estado emocional, etc.<\/p>\n<\/div><\/section><\/p><\/div><\/div><!--close flex column wrapper. Autoclose: 1 -->\n","protected":false},"excerpt":{"rendered":"","protected":false},"author":3,"featured_media":0,"parent":1727,"menu_order":0,"comment_status":"closed","ping_status":"closed","template":"","meta":{"footnotes":""},"class_list":["post-1737","page","type-page","status-publish","hentry"],"yoast_head":"<!-- This site is optimized with the Yoast SEO plugin v27.3 - https:\/\/yoast.com\/product\/yoast-seo-wordpress\/ -->\n<title>Servicios de nutrici\u00f3n personalizada en Berga<\/title>\n<meta name=\"description\" content=\"Consulta a nuestro nutricionista en Berga para obtener planes alimentarios adaptados a ti.\" \/>\n<meta name=\"robots\" content=\"index, follow, max-snippet:-1, max-image-preview:large, max-video-preview:-1\" \/>\n<link rel=\"canonical\" href=\"https:\/\/quirober.cat\/es\/sala-dinamic\/nutricionista\/\" \/>\n<meta property=\"og:locale\" content=\"es_ES\" \/>\n<meta property=\"og:type\" content=\"article\" \/>\n<meta property=\"og:title\" content=\"Servicios de nutrici\u00f3n personalizada en Berga\" \/>\n<meta property=\"og:description\" content=\"Consulta a nuestro nutricionista en Berga para obtener planes alimentarios adaptados a ti.\" \/>\n<meta property=\"og:url\" content=\"https:\/\/quirober.cat\/es\/sala-dinamic\/nutricionista\/\" \/>\n<meta property=\"og:site_name\" content=\"Quirober\" \/>\n<meta property=\"article:modified_time\" content=\"2024-04-19T11:16:57+00:00\" \/>\n<meta name=\"twitter:card\" content=\"summary_large_image\" \/>\n<meta name=\"twitter:label1\" content=\"Tiempo de lectura\" \/>\n\t<meta name=\"twitter:data1\" content=\"13 minutos\" \/>\n<script type=\"application\/ld+json\" class=\"yoast-schema-graph\">{\"@context\":\"https:\\\/\\\/schema.org\",\"@graph\":[{\"@type\":\"WebPage\",\"@id\":\"https:\\\/\\\/quirober.cat\\\/es\\\/sala-dinamic\\\/nutricionista\\\/\",\"url\":\"https:\\\/\\\/quirober.cat\\\/es\\\/sala-dinamic\\\/nutricionista\\\/\",\"name\":\"Servicios de nutrici\u00f3n personalizada en Berga\",\"isPartOf\":{\"@id\":\"https:\\\/\\\/quirober.cat\\\/es\\\/#website\"},\"datePublished\":\"2024-03-20T09:52:05+00:00\",\"dateModified\":\"2024-04-19T11:16:57+00:00\",\"description\":\"Consulta a nuestro nutricionista en Berga para obtener planes alimentarios adaptados a ti.\",\"breadcrumb\":{\"@id\":\"https:\\\/\\\/quirober.cat\\\/es\\\/sala-dinamic\\\/nutricionista\\\/#breadcrumb\"},\"inLanguage\":\"es\",\"potentialAction\":[{\"@type\":\"ReadAction\",\"target\":[\"https:\\\/\\\/quirober.cat\\\/es\\\/sala-dinamic\\\/nutricionista\\\/\"]}]},{\"@type\":\"BreadcrumbList\",\"@id\":\"https:\\\/\\\/quirober.cat\\\/es\\\/sala-dinamic\\\/nutricionista\\\/#breadcrumb\",\"itemListElement\":[{\"@type\":\"ListItem\",\"position\":1,\"name\":\"Inici\",\"item\":\"https:\\\/\\\/quirober.cat\\\/es\\\/inicio\\\/\"},{\"@type\":\"ListItem\",\"position\":2,\"name\":\"Sala Din\u00e1mic\",\"item\":\"https:\\\/\\\/quirober.cat\\\/es\\\/sala-dinamic\\\/\"},{\"@type\":\"ListItem\",\"position\":3,\"name\":\"Nutricionista\"}]},{\"@type\":\"WebSite\",\"@id\":\"https:\\\/\\\/quirober.cat\\\/es\\\/#website\",\"url\":\"https:\\\/\\\/quirober.cat\\\/es\\\/\",\"name\":\"Quirober\",\"description\":\"Centre d&#039;est\u00e8tica a Berga\",\"potentialAction\":[{\"@type\":\"SearchAction\",\"target\":{\"@type\":\"EntryPoint\",\"urlTemplate\":\"https:\\\/\\\/quirober.cat\\\/es\\\/?s={search_term_string}\"},\"query-input\":{\"@type\":\"PropertyValueSpecification\",\"valueRequired\":true,\"valueName\":\"search_term_string\"}}],\"inLanguage\":\"es\"}]}<\/script>\n<!-- \/ Yoast SEO plugin. -->","yoast_head_json":{"title":"Servicios de nutrici\u00f3n personalizada en Berga","description":"Consulta a nuestro nutricionista en Berga para obtener planes alimentarios adaptados a ti.","robots":{"index":"index","follow":"follow","max-snippet":"max-snippet:-1","max-image-preview":"max-image-preview:large","max-video-preview":"max-video-preview:-1"},"canonical":"https:\/\/quirober.cat\/es\/sala-dinamic\/nutricionista\/","og_locale":"es_ES","og_type":"article","og_title":"Servicios de nutrici\u00f3n personalizada en Berga","og_description":"Consulta a nuestro nutricionista en Berga para obtener planes alimentarios adaptados a ti.","og_url":"https:\/\/quirober.cat\/es\/sala-dinamic\/nutricionista\/","og_site_name":"Quirober","article_modified_time":"2024-04-19T11:16:57+00:00","twitter_card":"summary_large_image","twitter_misc":{"Tiempo de lectura":"13 minutos"},"schema":{"@context":"https:\/\/schema.org","@graph":[{"@type":"WebPage","@id":"https:\/\/quirober.cat\/es\/sala-dinamic\/nutricionista\/","url":"https:\/\/quirober.cat\/es\/sala-dinamic\/nutricionista\/","name":"Servicios de nutrici\u00f3n personalizada en Berga","isPartOf":{"@id":"https:\/\/quirober.cat\/es\/#website"},"datePublished":"2024-03-20T09:52:05+00:00","dateModified":"2024-04-19T11:16:57+00:00","description":"Consulta a nuestro nutricionista en Berga para obtener planes alimentarios adaptados a ti.","breadcrumb":{"@id":"https:\/\/quirober.cat\/es\/sala-dinamic\/nutricionista\/#breadcrumb"},"inLanguage":"es","potentialAction":[{"@type":"ReadAction","target":["https:\/\/quirober.cat\/es\/sala-dinamic\/nutricionista\/"]}]},{"@type":"BreadcrumbList","@id":"https:\/\/quirober.cat\/es\/sala-dinamic\/nutricionista\/#breadcrumb","itemListElement":[{"@type":"ListItem","position":1,"name":"Inici","item":"https:\/\/quirober.cat\/es\/inicio\/"},{"@type":"ListItem","position":2,"name":"Sala Din\u00e1mic","item":"https:\/\/quirober.cat\/es\/sala-dinamic\/"},{"@type":"ListItem","position":3,"name":"Nutricionista"}]},{"@type":"WebSite","@id":"https:\/\/quirober.cat\/es\/#website","url":"https:\/\/quirober.cat\/es\/","name":"Quirober","description":"Centre d&#039;est\u00e8tica a Berga","potentialAction":[{"@type":"SearchAction","target":{"@type":"EntryPoint","urlTemplate":"https:\/\/quirober.cat\/es\/?s={search_term_string}"},"query-input":{"@type":"PropertyValueSpecification","valueRequired":true,"valueName":"search_term_string"}}],"inLanguage":"es"}]}},"_links":{"self":[{"href":"https:\/\/quirober.cat\/es\/wp-json\/wp\/v2\/pages\/1737","targetHints":{"allow":["GET"]}}],"collection":[{"href":"https:\/\/quirober.cat\/es\/wp-json\/wp\/v2\/pages"}],"about":[{"href":"https:\/\/quirober.cat\/es\/wp-json\/wp\/v2\/types\/page"}],"author":[{"embeddable":true,"href":"https:\/\/quirober.cat\/es\/wp-json\/wp\/v2\/users\/3"}],"replies":[{"embeddable":true,"href":"https:\/\/quirober.cat\/es\/wp-json\/wp\/v2\/comments?post=1737"}],"version-history":[{"count":2,"href":"https:\/\/quirober.cat\/es\/wp-json\/wp\/v2\/pages\/1737\/revisions"}],"predecessor-version":[{"id":2459,"href":"https:\/\/quirober.cat\/es\/wp-json\/wp\/v2\/pages\/1737\/revisions\/2459"}],"up":[{"embeddable":true,"href":"https:\/\/quirober.cat\/es\/wp-json\/wp\/v2\/pages\/1727"}],"wp:attachment":[{"href":"https:\/\/quirober.cat\/es\/wp-json\/wp\/v2\/media?parent=1737"}],"curies":[{"name":"wp","href":"https:\/\/api.w.org\/{rel}","templated":true}]}}