{"id":1741,"date":"2024-03-20T09:55:06","date_gmt":"2024-03-20T09:55:06","guid":{"rendered":"https:\/\/quirober.cat\/section-fiesta-beauty\/"},"modified":"2024-10-21T14:56:55","modified_gmt":"2024-10-21T14:56:55","slug":"section-fiesta-beauty","status":"publish","type":"page","link":"https:\/\/quirober.cat\/es\/section-fiesta-beauty\/","title":{"rendered":"section fiesta beauty"},"content":{"rendered":"<div id='av_section_1'  class='avia-section av-9m1dfg-13de26377905039693d6822fe8ae7182 main_color avia-section-default avia-no-border-styling  avia-builder-el-0  avia-builder-el-no-sibling  avia-bg-style-scroll container_wrap fullsize'  ><div class='container av-section-cont-open' ><main  role=\"main\" itemprop=\"mainContentOfPage\"  class='template-page content  av-content-full alpha units'><div class='post-entry post-entry-type-page post-entry-1741'><div class='entry-content-wrapper clearfix'>\n<div class='flex_column_table av-7aar70-54056ce10da7e03277e3bb77e0723daf sc-av_one_half av-equal-height-column-flextable'>\n<style type=\"text\/css\" data-created_by=\"avia_inline_auto\" id=\"style-css-av-7aar70-54056ce10da7e03277e3bb77e0723daf\">\n.flex_column.av-7aar70-54056ce10da7e03277e3bb77e0723daf{\nbackground:url(https:\/\/quirober.cat\/wp-content\/uploads\/2023\/11\/manicura-pedicura-1-.jpg) 50% 0% no-repeat scroll ;\n}\n<\/style>\n<div  class='flex_column av-7aar70-54056ce10da7e03277e3bb77e0723daf av_one_half  avia-builder-el-1  el_before_av_one_half  avia-builder-el-first  first no_margin flex_column_table_cell av-equal-height-column av-align-top avia-full-stretch  '     ><\/div>\n<style type=\"text\/css\" data-created_by=\"avia_inline_auto\" id=\"style-css-av-681858-f56f972f957638564ad79aac573cb97a\">\n.flex_column.av-681858-f56f972f957638564ad79aac573cb97a{\npadding:40px 40px 40px 40px;\nbackground-color:#f8f9f6;\n}\n<\/style>\n<div  class='flex_column av-681858-f56f972f957638564ad79aac573cb97a av_one_half  avia-builder-el-2  el_after_av_one_half  avia-builder-el-last  no_margin flex_column_table_cell av-equal-height-column av-align-top  '     ><section  class='av_textblock_section av-4spvik-04cc9d8f17f64d7bbe60222ca009f0c0 '   itemscope=\"itemscope\" itemtype=\"https:\/\/schema.org\/CreativeWork\" ><div class='avia_textblock'  itemprop=\"text\" ><h3>Fiesta Beauty<\/h3>\n<p>\u00bfBuscas una forma divertida y memorable de pasar el rato con tus amigos\/as, familiares, celebrar un evento especial o simplemente mimarte?<\/p>\n<p>Nuestra BeautyParty es la respuesta perfecta. Re\u00fane a tu grupo con quien quieres asistir y disfruta de una experiencia \u00fanica de belleza y diversi\u00f3n.<\/p>\n<p>Incluye asesoramiento de belleza, material y refrigerio.<\/p>\n<\/div><\/section><br \/>\n\n<style type=\"text\/css\" data-created_by=\"avia_inline_auto\" id=\"style-css-av-1zum7g-c0a5094f7c26d8e008da17404b29d4b8\">\n#top .hr.hr-invisible.av-1zum7g-c0a5094f7c26d8e008da17404b29d4b8{\nheight:25px;\n}\n<\/style>\n<div  class='hr av-1zum7g-c0a5094f7c26d8e008da17404b29d4b8 hr-invisible  avia-builder-el-4  el_after_av_textblock  el_before_av_button '><span class='hr-inner '><span class=\"hr-inner-style\"><\/span><\/span><\/div><br \/>\n<div  class='avia-button-wrap av-ls8o7plu-5f718406f472082501866f5f86d8399e-wrap avia-button-left  avia-builder-el-5  el_after_av_hr  avia-builder-el-last '>\n<style type=\"text\/css\" data-created_by=\"avia_inline_auto\" id=\"style-css-av-ls8o7plu-5f718406f472082501866f5f86d8399e\">\n#top #wrap_all .avia-button.av-ls8o7plu-5f718406f472082501866f5f86d8399e{\nbackground-color:#b2934d;\nborder-color:#c9b482;\nborder-style:solid;\ntransition:all 0.4s ease-in-out;\n}\n#top #wrap_all .avia-button.av-ls8o7plu-5f718406f472082501866f5f86d8399e:hover{\nbackground-color:#c99a2e;\ncolor:white;\ntransition:all 0.4s ease-in-out;\n}\n<\/style>\n<a href='https:\/\/quirober.cat\/contacte\/'  class='avia-button av-ls8o7plu-5f718406f472082501866f5f86d8399e av-link-btn avia-icon_select-no avia-size-small avia-position-left avia-font-color-theme-color'   aria-label=\"CONTACTO\"><span class='avia_iconbox_title' >CONTACTO<\/span><\/a><\/div><\/p><\/div><\/div><!--close column table wrapper. Autoclose: 1 -->\n","protected":false},"excerpt":{"rendered":"","protected":false},"author":3,"featured_media":0,"parent":0,"menu_order":0,"comment_status":"closed","ping_status":"closed","template":"","meta":{"footnotes":""},"class_list":["post-1741","page","type-page","status-publish","hentry"],"yoast_head":"<!-- This site is optimized with the Yoast SEO plugin v27.3 - https:\/\/yoast.com\/product\/yoast-seo-wordpress\/ -->\n<title>Organiza tu fiesta beauty en Berga<\/title>\n<meta name=\"description\" content=\"Disfruta de una fiesta beauty personalizada con amigos en Quirober\" \/>\n<meta name=\"robots\" content=\"index, follow, max-snippet:-1, max-image-preview:large, max-video-preview:-1\" \/>\n<link rel=\"canonical\" href=\"https:\/\/quirober.cat\/es\/section-fiesta-beauty\/\" \/>\n<meta property=\"og:locale\" content=\"es_ES\" \/>\n<meta property=\"og:type\" content=\"article\" \/>\n<meta property=\"og:title\" content=\"Organiza tu fiesta beauty en Berga\" \/>\n<meta property=\"og:description\" content=\"Disfruta de una fiesta beauty personalizada con amigos en Quirober\" \/>\n<meta property=\"og:url\" content=\"https:\/\/quirober.cat\/es\/section-fiesta-beauty\/\" \/>\n<meta property=\"og:site_name\" content=\"Quirober\" \/>\n<meta property=\"article:modified_time\" content=\"2024-10-21T14:56:55+00:00\" \/>\n<meta name=\"twitter:card\" content=\"summary_large_image\" \/>\n<meta name=\"twitter:label1\" content=\"Tiempo de lectura\" \/>\n\t<meta name=\"twitter:data1\" content=\"1 minuto\" \/>\n<script type=\"application\/ld+json\" class=\"yoast-schema-graph\">{\"@context\":\"https:\\\/\\\/schema.org\",\"@graph\":[{\"@type\":\"WebPage\",\"@id\":\"https:\\\/\\\/quirober.cat\\\/es\\\/section-fiesta-beauty\\\/\",\"url\":\"https:\\\/\\\/quirober.cat\\\/es\\\/section-fiesta-beauty\\\/\",\"name\":\"Organiza tu fiesta beauty en Berga\",\"isPartOf\":{\"@id\":\"https:\\\/\\\/quirober.cat\\\/es\\\/#website\"},\"datePublished\":\"2024-03-20T09:55:06+00:00\",\"dateModified\":\"2024-10-21T14:56:55+00:00\",\"description\":\"Disfruta de una fiesta beauty personalizada con amigos en Quirober\",\"breadcrumb\":{\"@id\":\"https:\\\/\\\/quirober.cat\\\/es\\\/section-fiesta-beauty\\\/#breadcrumb\"},\"inLanguage\":\"es\",\"potentialAction\":[{\"@type\":\"ReadAction\",\"target\":[\"https:\\\/\\\/quirober.cat\\\/es\\\/section-fiesta-beauty\\\/\"]}]},{\"@type\":\"BreadcrumbList\",\"@id\":\"https:\\\/\\\/quirober.cat\\\/es\\\/section-fiesta-beauty\\\/#breadcrumb\",\"itemListElement\":[{\"@type\":\"ListItem\",\"position\":1,\"name\":\"Inici\",\"item\":\"https:\\\/\\\/quirober.cat\\\/es\\\/inicio\\\/\"},{\"@type\":\"ListItem\",\"position\":2,\"name\":\"section fiesta beauty\"}]},{\"@type\":\"WebSite\",\"@id\":\"https:\\\/\\\/quirober.cat\\\/es\\\/#website\",\"url\":\"https:\\\/\\\/quirober.cat\\\/es\\\/\",\"name\":\"Quirober\",\"description\":\"Centre d&#039;est\u00e8tica a Berga\",\"potentialAction\":[{\"@type\":\"SearchAction\",\"target\":{\"@type\":\"EntryPoint\",\"urlTemplate\":\"https:\\\/\\\/quirober.cat\\\/es\\\/?s={search_term_string}\"},\"query-input\":{\"@type\":\"PropertyValueSpecification\",\"valueRequired\":true,\"valueName\":\"search_term_string\"}}],\"inLanguage\":\"es\"}]}<\/script>\n<!-- \/ Yoast SEO plugin. -->","yoast_head_json":{"title":"Organiza tu fiesta beauty en Berga","description":"Disfruta de una fiesta beauty personalizada con amigos en Quirober","robots":{"index":"index","follow":"follow","max-snippet":"max-snippet:-1","max-image-preview":"max-image-preview:large","max-video-preview":"max-video-preview:-1"},"canonical":"https:\/\/quirober.cat\/es\/section-fiesta-beauty\/","og_locale":"es_ES","og_type":"article","og_title":"Organiza tu fiesta beauty en Berga","og_description":"Disfruta de una fiesta beauty personalizada con amigos en Quirober","og_url":"https:\/\/quirober.cat\/es\/section-fiesta-beauty\/","og_site_name":"Quirober","article_modified_time":"2024-10-21T14:56:55+00:00","twitter_card":"summary_large_image","twitter_misc":{"Tiempo de lectura":"1 minuto"},"schema":{"@context":"https:\/\/schema.org","@graph":[{"@type":"WebPage","@id":"https:\/\/quirober.cat\/es\/section-fiesta-beauty\/","url":"https:\/\/quirober.cat\/es\/section-fiesta-beauty\/","name":"Organiza tu fiesta beauty en Berga","isPartOf":{"@id":"https:\/\/quirober.cat\/es\/#website"},"datePublished":"2024-03-20T09:55:06+00:00","dateModified":"2024-10-21T14:56:55+00:00","description":"Disfruta de una fiesta beauty personalizada con amigos en Quirober","breadcrumb":{"@id":"https:\/\/quirober.cat\/es\/section-fiesta-beauty\/#breadcrumb"},"inLanguage":"es","potentialAction":[{"@type":"ReadAction","target":["https:\/\/quirober.cat\/es\/section-fiesta-beauty\/"]}]},{"@type":"BreadcrumbList","@id":"https:\/\/quirober.cat\/es\/section-fiesta-beauty\/#breadcrumb","itemListElement":[{"@type":"ListItem","position":1,"name":"Inici","item":"https:\/\/quirober.cat\/es\/inicio\/"},{"@type":"ListItem","position":2,"name":"section fiesta beauty"}]},{"@type":"WebSite","@id":"https:\/\/quirober.cat\/es\/#website","url":"https:\/\/quirober.cat\/es\/","name":"Quirober","description":"Centre d&#039;est\u00e8tica a Berga","potentialAction":[{"@type":"SearchAction","target":{"@type":"EntryPoint","urlTemplate":"https:\/\/quirober.cat\/es\/?s={search_term_string}"},"query-input":{"@type":"PropertyValueSpecification","valueRequired":true,"valueName":"search_term_string"}}],"inLanguage":"es"}]}},"_links":{"self":[{"href":"https:\/\/quirober.cat\/es\/wp-json\/wp\/v2\/pages\/1741","targetHints":{"allow":["GET"]}}],"collection":[{"href":"https:\/\/quirober.cat\/es\/wp-json\/wp\/v2\/pages"}],"about":[{"href":"https:\/\/quirober.cat\/es\/wp-json\/wp\/v2\/types\/page"}],"author":[{"embeddable":true,"href":"https:\/\/quirober.cat\/es\/wp-json\/wp\/v2\/users\/3"}],"replies":[{"embeddable":true,"href":"https:\/\/quirober.cat\/es\/wp-json\/wp\/v2\/comments?post=1741"}],"version-history":[{"count":4,"href":"https:\/\/quirober.cat\/es\/wp-json\/wp\/v2\/pages\/1741\/revisions"}],"predecessor-version":[{"id":2630,"href":"https:\/\/quirober.cat\/es\/wp-json\/wp\/v2\/pages\/1741\/revisions\/2630"}],"wp:attachment":[{"href":"https:\/\/quirober.cat\/es\/wp-json\/wp\/v2\/media?parent=1741"}],"curies":[{"name":"wp","href":"https:\/\/api.w.org\/{rel}","templated":true}]}}